{"id":8405,"date":"2025-09-17T21:19:03","date_gmt":"2025-09-17T21:19:03","guid":{"rendered":"https:\/\/artlizdesign.hu\/?page_id=8405"},"modified":"2025-10-02T23:05:17","modified_gmt":"2025-10-02T23:05:17","slug":"szallitasi-es-fizetesi-feltetelek","status":"publish","type":"page","link":"https:\/\/artlizdesign.hu\/en\/szallitasi-es-fizetesi-feltetelek\/","title":{"rendered":"Shipping &amp; Payment"},"content":{"rendered":"<div data-elementor-type=\"wp-page\" data-elementor-id=\"8405\" class=\"elementor elementor-8405\" data-elementor-post-type=\"page\">\n\t\t\t\t<div class=\"elementor-element elementor-element-0615336 e-flex e-con-boxed e-con e-parent\" data-id=\"0615336\" data-element_type=\"container\" data-e-type=\"container\" data-settings=\"{&quot;background_background&quot;:&quot;classic&quot;}\">\n\t\t\t\t\t<div class=\"e-con-inner\">\n\t\t<div class=\"elementor-element elementor-element-67db488 e-con-full e-flex e-con e-child\" data-id=\"67db488\" data-element_type=\"container\" data-e-type=\"container\">\n\t\t\t\t<div class=\"elementor-element elementor-element-a6a881f elementor-widget__width-initial elementor-widget elementor-widget-heading\" data-id=\"a6a881f\" data-element_type=\"widget\" data-e-type=\"widget\" data-widget_type=\"heading.default\">\n\t\t\t\t<div class=\"elementor-widget-container\">\n\t\t\t\t\t<h2 class=\"elementor-heading-title elementor-size-default\">Shipping &amp; Payment\n<\/h2>\t\t\t\t<\/div>\n\t\t\t\t<\/div>\n\t\t\t\t<div class=\"elementor-element elementor-element-d9c6ab2 elementor-widget elementor-widget-text-editor\" data-id=\"d9c6ab2\" data-element_type=\"widget\" data-e-type=\"widget\" data-widget_type=\"text-editor.default\">\n\t\t\t\t<div class=\"elementor-widget-container\">\n\t\t\t\t\t\t\t\t\t<p>Have questions about shipping or payment? Send us a message, and I\u2019ll get in touch with you!<\/p>\t\t\t\t\t\t\t\t<\/div>\n\t\t\t\t<\/div>\n\t\t\t\t<\/div>\n\t\t\t\t\t<\/div>\n\t\t\t\t<\/div>\n\t\t<div class=\"elementor-element elementor-element-d4360d7 e-flex e-con-boxed e-con e-parent\" data-id=\"d4360d7\" data-element_type=\"container\" data-e-type=\"container\" data-settings=\"{&quot;background_background&quot;:&quot;classic&quot;}\">\n\t\t\t\t\t<div class=\"e-con-inner\">\n\t\t<div class=\"elementor-element elementor-element-9512d70 e-flex e-con-boxed e-con e-child\" data-id=\"9512d70\" data-element_type=\"container\" data-e-type=\"container\">\n\t\t\t\t\t<div class=\"e-con-inner\">\n\t\t\t\t<div class=\"elementor-element elementor-element-f2e6cb3 elementor-widget elementor-widget-heading\" data-id=\"f2e6cb3\" data-element_type=\"widget\" data-e-type=\"widget\" data-widget_type=\"heading.default\">\n\t\t\t\t<div class=\"elementor-widget-container\">\n\t\t\t\t\t<h2 class=\"elementor-heading-title elementor-size-default\">SHIPPING TERMS<\/h2>\t\t\t\t<\/div>\n\t\t\t\t<\/div>\n\t\t\t\t<div class=\"elementor-element elementor-element-c96f44b elementor-widget elementor-widget-text-editor\" data-id=\"c96f44b\" data-element_type=\"widget\" data-e-type=\"widget\" data-widget_type=\"text-editor.default\">\n\t\t\t\t<div class=\"elementor-widget-container\">\n\t\t\t\t\t\t\t\t\t<p>Website: <strong>artlizdesign.hu<\/strong><br \/>Email: <strong>info@artlizdesign.hu<\/strong><\/p><p>Once your order is placed, you will receive an electronic confirmation. After this, delivery will be arranged either via courier service or by my own team, depending on the agreement.<\/p><p><strong>Shipping within Hungary is FREE.<\/strong><br \/>Your order will be carefully packaged (gift wrapping available upon request) and delivered to the provided address within a short timeframe. <em>For paintings under 100 cm, delivery is via GLS courier service or personal hand delivery<\/em>For larger pieces, delivery is handled with our own small van, and this service is also FREE of charge.<\/p><p>Additionally, ordered artworks can be picked up in person in Szada at a pre-arranged time (a limited number of other pieces can also be viewed).<\/p><p>For international deliveries, shipping costs are charged to the recipient according to the carrier\u2019s rates.<\/p><p>We recommend providing a shipping address where you can be reliably reached. This can be your home, workplace, or any other planned location.<\/p>\t\t\t\t\t\t\t\t<\/div>\n\t\t\t\t<\/div>\n\t\t\t\t<div class=\"elementor-element elementor-element-2e6d45b elementor-widget elementor-widget-heading\" data-id=\"2e6d45b\" data-element_type=\"widget\" data-e-type=\"widget\" data-widget_type=\"heading.default\">\n\t\t\t\t<div class=\"elementor-widget-container\">\n\t\t\t\t\t<h2 class=\"elementor-heading-title elementor-size-default\">PAYMENT TERMS<\/h2>\t\t\t\t<\/div>\n\t\t\t\t<\/div>\n\t\t\t\t<div class=\"elementor-element elementor-element-7dbd9b5 elementor-widget elementor-widget-text-editor\" data-id=\"7dbd9b5\" data-element_type=\"widget\" data-e-type=\"widget\" data-widget_type=\"text-editor.default\">\n\t\t\t\t<div class=\"elementor-widget-container\">\n\t\t\t\t\t\t\t\t\t<p><strong>How to place an order:<\/strong><\/p><p>After adding your chosen artwork to the cart, you can complete the payment once you provide your billing and shipping details.<\/p><p><strong>You will receive an order confirmation and invoice via email.<\/strong> Paintings ordered through the webshop can be paid most easily by credit card or bank transfer. Cash on delivery is also available. For in-person pickups, payment in cash is an option as well.<\/p><div class=\"elementor-element elementor-element-09a6b47 elementor-widget elementor-widget-text-editor\" data-id=\"09a6b47\" data-element_type=\"widget\" data-widget_type=\"text-editor.default\"><div class=\"elementor-widget-container\"><p><strong>Online Credit Card Payment (via Stripe)<\/strong><\/p><p>The security of credit card payments is ensured by Stripe, a financial service provider with PCI Level 1 certification, the highest level of audit for payment security. The card details you provide are sent directly to Stripe, and neither the service nor ArtLiz Design can see, store, or access your card information in any way.<\/p><p>No registration is required for credit card payments. You only need to provide your card number, expiration date, and CVC code from the back of your card.<\/p><p>You can pay with:<\/p><ul><li>Mastercard or Maestro bank card<\/li><li>Visa bank card<\/li><li>American Express bank card<\/li><\/ul><p>There is no additional fee for credit card payments.<\/p><p>For more information, visit: <a href=\"https:\/\/stripe.com\/\">https:\/\/stripe.com\/<\/a><\/p><p><strong>Bank transfer<\/strong><\/p><p>Payment instructions:<\/p><div class=\"payment_box payment_method_bacs\"><p>Please transfer the amount to the following account number: Kurfis Aliz Edit \u2013 66000059-15181570-00000000. Don\u2019t forget to include your order number in the reference\/message field so I can identify your payment. Your order will be processed once the payment has been received.<\/p><\/div><div class=\"form-row place-order\"><div class=\"woocommerce-terms-and-conditions-wrapper\">\u00a0<\/div><\/div><\/div><\/div><div class=\"elementor-element elementor-element-b97582f elementor-widget elementor-widget-text-editor\" data-id=\"b97582f\" data-element_type=\"widget\" data-widget_type=\"text-editor.default\"><div class=\"elementor-widget-container\"><p>Budapest, 2025.09.17.<\/p><\/div><\/div>\t\t\t\t\t\t\t\t<\/div>\n\t\t\t\t<\/div>\n\t\t\t\t\t<\/div>\n\t\t\t\t<\/div>\n\t\t\t\t\t<\/div>\n\t\t\t\t<\/div>\n\t\t\t\t<\/div>","protected":false},"excerpt":{"rendered":"<p>Sz\u00e1ll\u00edt\u00e1si \u00e9s fizet\u00e9si felt\u00e9telek K\u00e9rd\u00e9sed van a sz\u00e1ll\u00edt\u00e1ssal \u00e9s a fizet\u00e9ssel kapcsolatban? \u00cdrj nek\u00fcnk \u00e9s felveszem Veled a kapcsolatot! Sz\u00e1ll\u00edt\u00e1si felt\u00e9telek Weboldal: artlizdesign.huE-mail: info@artlizdesign.hu A leadott megrendel\u00e9sr\u0151l visszaigazol\u00e1st k\u00fcld\u00fcnk elektronikus form\u00e1ban. A megrendel\u00e9st k\u00f6vet\u0151en a sz\u00e1ll\u00edt\u00e1s egyeztet\u00e9st\u0151l f\u00fcgg\u0151en vagy fut\u00e1rszolg\u00e1lattal t\u00f6rt\u00e9nik vagy saj\u00e1t csapatommal ker\u00fcl kisz\u00e1ll\u00edt\u00e1sra. Magyarorsz\u00e1gon bel\u00fcl a sz\u00e1ll\u00edt\u00e1s INGYENES.R\u00f6vid hat\u00e1rid\u0151vel, gondosan becsomagolva (ig\u00e9ny [&hellip;]<\/p>\n","protected":false},"author":3,"featured_media":0,"parent":0,"menu_order":0,"comment_status":"closed","ping_status":"closed","template":"elementor_header_footer","meta":{"footnotes":""},"class_list":["post-8405","page","type-page","status-publish","hentry","entry","owp-thumbs-layout-horizontal","owp-btn-normal","owp-tabs-layout-horizontal","has-no-thumbnails","has-product-nav"],"yoast_head":"<!-- This site is optimized with the Yoast SEO plugin v27.2 - https:\/\/yoast.com\/product\/yoast-seo-wordpress\/ -->\n<title>Sz\u00e1ll\u00edt\u00e1si \u00e9s fizet\u00e9si felt\u00e9telek - ARTLIZDESIGN<\/title>\n<meta name=\"robots\" content=\"index, follow, max-snippet:-1, max-image-preview:large, max-video-preview:-1\" \/>\n<link rel=\"canonical\" href=\"https:\/\/artlizdesign.hu\/en\/szallitasi-es-fizetesi-feltetelek\/\" \/>\n<meta property=\"og:locale\" content=\"en_GB\" \/>\n<meta property=\"og:type\" content=\"article\" \/>\n<meta property=\"og:title\" content=\"Sz\u00e1ll\u00edt\u00e1si \u00e9s fizet\u00e9si felt\u00e9telek - ARTLIZDESIGN\" \/>\n<meta property=\"og:description\" content=\"Sz\u00e1ll\u00edt\u00e1si \u00e9s fizet\u00e9si felt\u00e9telek K\u00e9rd\u00e9sed van a sz\u00e1ll\u00edt\u00e1ssal \u00e9s a fizet\u00e9ssel kapcsolatban? \u00cdrj nek\u00fcnk \u00e9s felveszem Veled a kapcsolatot! Sz\u00e1ll\u00edt\u00e1si felt\u00e9telek Weboldal: artlizdesign.huE-mail: info@artlizdesign.hu A leadott megrendel\u00e9sr\u0151l visszaigazol\u00e1st k\u00fcld\u00fcnk elektronikus form\u00e1ban. A megrendel\u00e9st k\u00f6vet\u0151en a sz\u00e1ll\u00edt\u00e1s egyeztet\u00e9st\u0151l f\u00fcgg\u0151en vagy fut\u00e1rszolg\u00e1lattal t\u00f6rt\u00e9nik vagy saj\u00e1t csapatommal ker\u00fcl kisz\u00e1ll\u00edt\u00e1sra. Magyarorsz\u00e1gon bel\u00fcl a sz\u00e1ll\u00edt\u00e1s INGYENES.R\u00f6vid hat\u00e1rid\u0151vel, gondosan becsomagolva (ig\u00e9ny [&hellip;]\" \/>\n<meta property=\"og:url\" content=\"https:\/\/artlizdesign.hu\/en\/szallitasi-es-fizetesi-feltetelek\/\" \/>\n<meta property=\"og:site_name\" content=\"ARTLIZDESIGN\" \/>\n<meta property=\"article:publisher\" content=\"https:\/\/www.facebook.com\/artlizdesign\" \/>\n<meta property=\"article:modified_time\" content=\"2025-10-02T23:05:17+00:00\" \/>\n<meta property=\"og:image\" content=\"https:\/\/artlizdesign.hu\/wp-content\/uploads\/2020\/04\/shop3.png\" \/>\n\t<meta property=\"og:image:width\" content=\"800\" \/>\n\t<meta property=\"og:image:height\" content=\"800\" \/>\n\t<meta property=\"og:image:type\" content=\"image\/png\" \/>\n<meta name=\"twitter:card\" content=\"summary_large_image\" \/>\n<meta name=\"twitter:label1\" content=\"Estimated reading time\" \/>\n\t<meta name=\"twitter:data1\" content=\"3 minutes\" \/>\n<script type=\"application\/ld+json\" class=\"yoast-schema-graph\">{\"@context\":\"https:\/\/schema.org\",\"@graph\":[{\"@type\":\"WebPage\",\"@id\":\"https:\/\/artlizdesign.hu\/szallitasi-es-fizetesi-feltetelek\/\",\"url\":\"https:\/\/artlizdesign.hu\/szallitasi-es-fizetesi-feltetelek\/\",\"name\":\"Sz\u00e1ll\u00edt\u00e1si \u00e9s fizet\u00e9si felt\u00e9telek - ARTLIZDESIGN\",\"isPartOf\":{\"@id\":\"https:\/\/artlizdesign.hu\/#website\"},\"datePublished\":\"2025-09-17T21:19:03+00:00\",\"dateModified\":\"2025-10-02T23:05:17+00:00\",\"breadcrumb\":{\"@id\":\"https:\/\/artlizdesign.hu\/szallitasi-es-fizetesi-feltetelek\/#breadcrumb\"},\"inLanguage\":\"en-GB\",\"potentialAction\":[{\"@type\":\"ReadAction\",\"target\":[\"https:\/\/artlizdesign.hu\/szallitasi-es-fizetesi-feltetelek\/\"]}]},{\"@type\":\"BreadcrumbList\",\"@id\":\"https:\/\/artlizdesign.hu\/szallitasi-es-fizetesi-feltetelek\/#breadcrumb\",\"itemListElement\":[{\"@type\":\"ListItem\",\"position\":1,\"name\":\"Home\",\"item\":\"https:\/\/artlizdesign.hu\/\"},{\"@type\":\"ListItem\",\"position\":2,\"name\":\"Sz\u00e1ll\u00edt\u00e1si \u00e9s fizet\u00e9si felt\u00e9telek\"}]},{\"@type\":\"WebSite\",\"@id\":\"https:\/\/artlizdesign.hu\/#website\",\"url\":\"https:\/\/artlizdesign.hu\/\",\"name\":\"ARTLIZDESIGN\",\"description\":\"Egyedi modern absztrakt v\u00e1szon festm\u00e9nyek\",\"publisher\":{\"@id\":\"https:\/\/artlizdesign.hu\/#organization\"},\"potentialAction\":[{\"@type\":\"SearchAction\",\"target\":{\"@type\":\"EntryPoint\",\"urlTemplate\":\"https:\/\/artlizdesign.hu\/?s={search_term_string}\"},\"query-input\":{\"@type\":\"PropertyValueSpecification\",\"valueRequired\":true,\"valueName\":\"search_term_string\"}}],\"inLanguage\":\"en-GB\"},{\"@type\":\"Organization\",\"@id\":\"https:\/\/artlizdesign.hu\/#organization\",\"name\":\"ArtLiz Design\",\"url\":\"https:\/\/artlizdesign.hu\/\",\"logo\":{\"@type\":\"ImageObject\",\"inLanguage\":\"en-GB\",\"@id\":\"https:\/\/artlizdesign.hu\/#\/schema\/logo\/image\/\",\"url\":\"https:\/\/artlizdesign.hu\/wp-content\/uploads\/2020\/01\/artlizlogo.png\",\"contentUrl\":\"https:\/\/artlizdesign.hu\/wp-content\/uploads\/2020\/01\/artlizlogo.png\",\"width\":500,\"height\":500,\"caption\":\"ArtLiz Design\"},\"image\":{\"@id\":\"https:\/\/artlizdesign.hu\/#\/schema\/logo\/image\/\"},\"sameAs\":[\"https:\/\/www.facebook.com\/artlizdesign\",\"https:\/\/www.instagram.com\/artlizdesign\/\"]}]}<\/script>\n<!-- \/ Yoast SEO plugin. -->","yoast_head_json":{"title":"Sz\u00e1ll\u00edt\u00e1si \u00e9s fizet\u00e9si felt\u00e9telek - ARTLIZDESIGN","robots":{"index":"index","follow":"follow","max-snippet":"max-snippet:-1","max-image-preview":"max-image-preview:large","max-video-preview":"max-video-preview:-1"},"canonical":"https:\/\/artlizdesign.hu\/en\/szallitasi-es-fizetesi-feltetelek\/","og_locale":"en_GB","og_type":"article","og_title":"Sz\u00e1ll\u00edt\u00e1si \u00e9s fizet\u00e9si felt\u00e9telek - ARTLIZDESIGN","og_description":"Sz\u00e1ll\u00edt\u00e1si \u00e9s fizet\u00e9si felt\u00e9telek K\u00e9rd\u00e9sed van a sz\u00e1ll\u00edt\u00e1ssal \u00e9s a fizet\u00e9ssel kapcsolatban? \u00cdrj nek\u00fcnk \u00e9s felveszem Veled a kapcsolatot! Sz\u00e1ll\u00edt\u00e1si felt\u00e9telek Weboldal: artlizdesign.huE-mail: info@artlizdesign.hu A leadott megrendel\u00e9sr\u0151l visszaigazol\u00e1st k\u00fcld\u00fcnk elektronikus form\u00e1ban. A megrendel\u00e9st k\u00f6vet\u0151en a sz\u00e1ll\u00edt\u00e1s egyeztet\u00e9st\u0151l f\u00fcgg\u0151en vagy fut\u00e1rszolg\u00e1lattal t\u00f6rt\u00e9nik vagy saj\u00e1t csapatommal ker\u00fcl kisz\u00e1ll\u00edt\u00e1sra. Magyarorsz\u00e1gon bel\u00fcl a sz\u00e1ll\u00edt\u00e1s INGYENES.R\u00f6vid hat\u00e1rid\u0151vel, gondosan becsomagolva (ig\u00e9ny [&hellip;]","og_url":"https:\/\/artlizdesign.hu\/en\/szallitasi-es-fizetesi-feltetelek\/","og_site_name":"ARTLIZDESIGN","article_publisher":"https:\/\/www.facebook.com\/artlizdesign","article_modified_time":"2025-10-02T23:05:17+00:00","og_image":[{"width":800,"height":800,"url":"https:\/\/artlizdesign.hu\/wp-content\/uploads\/2020\/04\/shop3.png","type":"image\/png"}],"twitter_card":"summary_large_image","twitter_misc":{"Estimated reading time":"3 minutes"},"schema":{"@context":"https:\/\/schema.org","@graph":[{"@type":"WebPage","@id":"https:\/\/artlizdesign.hu\/szallitasi-es-fizetesi-feltetelek\/","url":"https:\/\/artlizdesign.hu\/szallitasi-es-fizetesi-feltetelek\/","name":"Sz\u00e1ll\u00edt\u00e1si \u00e9s fizet\u00e9si felt\u00e9telek - ARTLIZDESIGN","isPartOf":{"@id":"https:\/\/artlizdesign.hu\/#website"},"datePublished":"2025-09-17T21:19:03+00:00","dateModified":"2025-10-02T23:05:17+00:00","breadcrumb":{"@id":"https:\/\/artlizdesign.hu\/szallitasi-es-fizetesi-feltetelek\/#breadcrumb"},"inLanguage":"en-GB","potentialAction":[{"@type":"ReadAction","target":["https:\/\/artlizdesign.hu\/szallitasi-es-fizetesi-feltetelek\/"]}]},{"@type":"BreadcrumbList","@id":"https:\/\/artlizdesign.hu\/szallitasi-es-fizetesi-feltetelek\/#breadcrumb","itemListElement":[{"@type":"ListItem","position":1,"name":"Home","item":"https:\/\/artlizdesign.hu\/"},{"@type":"ListItem","position":2,"name":"Sz\u00e1ll\u00edt\u00e1si \u00e9s fizet\u00e9si felt\u00e9telek"}]},{"@type":"WebSite","@id":"https:\/\/artlizdesign.hu\/#website","url":"https:\/\/artlizdesign.hu\/","name":"ARTLIZDESIGN","description":"Egyedi modern absztrakt v\u00e1szon festm\u00e9nyek","publisher":{"@id":"https:\/\/artlizdesign.hu\/#organization"},"potentialAction":[{"@type":"SearchAction","target":{"@type":"EntryPoint","urlTemplate":"https:\/\/artlizdesign.hu\/?s={search_term_string}"},"query-input":{"@type":"PropertyValueSpecification","valueRequired":true,"valueName":"search_term_string"}}],"inLanguage":"en-GB"},{"@type":"Organization","@id":"https:\/\/artlizdesign.hu\/#organization","name":"ArtLiz Design","url":"https:\/\/artlizdesign.hu\/","logo":{"@type":"ImageObject","inLanguage":"en-GB","@id":"https:\/\/artlizdesign.hu\/#\/schema\/logo\/image\/","url":"https:\/\/artlizdesign.hu\/wp-content\/uploads\/2020\/01\/artlizlogo.png","contentUrl":"https:\/\/artlizdesign.hu\/wp-content\/uploads\/2020\/01\/artlizlogo.png","width":500,"height":500,"caption":"ArtLiz Design"},"image":{"@id":"https:\/\/artlizdesign.hu\/#\/schema\/logo\/image\/"},"sameAs":["https:\/\/www.facebook.com\/artlizdesign","https:\/\/www.instagram.com\/artlizdesign\/"]}]}},"_links":{"self":[{"href":"https:\/\/artlizdesign.hu\/en\/wp-json\/wp\/v2\/pages\/8405","targetHints":{"allow":["GET"]}}],"collection":[{"href":"https:\/\/artlizdesign.hu\/en\/wp-json\/wp\/v2\/pages"}],"about":[{"href":"https:\/\/artlizdesign.hu\/en\/wp-json\/wp\/v2\/types\/page"}],"author":[{"embeddable":true,"href":"https:\/\/artlizdesign.hu\/en\/wp-json\/wp\/v2\/users\/3"}],"replies":[{"embeddable":true,"href":"https:\/\/artlizdesign.hu\/en\/wp-json\/wp\/v2\/comments?post=8405"}],"version-history":[{"count":0,"href":"https:\/\/artlizdesign.hu\/en\/wp-json\/wp\/v2\/pages\/8405\/revisions"}],"wp:attachment":[{"href":"https:\/\/artlizdesign.hu\/en\/wp-json\/wp\/v2\/media?parent=8405"}],"curies":[{"name":"wp","href":"https:\/\/api.w.org\/{rel}","templated":true}]}}