{"id":10053,"date":"2025-11-11T15:14:17","date_gmt":"2025-11-11T14:14:17","guid":{"rendered":"https:\/\/artlizdesign.hu\/?post_type=product&#038;p=10053"},"modified":"2026-01-08T09:53:58","modified_gmt":"2026-01-08T08:53:58","slug":"25-577-25x25","status":"publish","type":"product","link":"https:\/\/artlizdesign.hu\/en\/termek\/25-577-25x25\/","title":{"rendered":"#25.577 (25&#215;25)"},"content":{"rendered":"","protected":false},"excerpt":{"rendered":"<p>A term\u00e9szet ihlette kateg\u00f3ria az alkot\u00e1sok sz\u00e9les k\u00f6r\u00e9t fogalja mag\u00e1ba. Megtal\u00e1lhat\u00f3 benne a vir\u00e1g, lev\u00e9l, inda \u00e9s n\u00f6v\u00e9ny mot\u00edvumokt\u00f3l kezdve a t\u00e1jk\u00e9peken, naplement\u00e9ken, felh\u0151s \u00e9gboltokon kereszt\u00fcl a v\u00e1rosi, v\u00edzparti ihlet\u00e9s\u0171 k\u00e9pekig minden egyar\u00e1nt.<\/p>","protected":false},"featured_media":10085,"template":"","meta":[],"product_brand":[],"product_cat":[50,48],"product_tag":[54,102,53,55,52,56,180,51],"class_list":{"0":"post-10053","1":"product","2":"type-product","3":"status-publish","4":"has-post-thumbnail","6":"product_cat-floral","7":"product_cat-modern","8":"product_tag-abstrack","9":"product_tag-abstract","10":"product_tag-absztrakt","11":"product_tag-artliz-design","12":"product_tag-festmeny","13":"product_tag-interior-design","14":"product_tag-m","15":"product_tag-modern-minimal","17":"entry","18":"has-media","20":"first","21":"instock","22":"sold-individually","23":"shipping-taxable","24":"purchasable","25":"product-type-variable","26":"has-product-nav","27":"col","28":"span_1_of_3","29":"owp-content-center","30":"owp-thumbs-layout-horizontal","31":"owp-btn-normal","32":"owp-tabs-layout-horizontal"},"yoast_head":"<!-- This site is optimized with the Yoast SEO plugin v27.4 - https:\/\/yoast.com\/product\/yoast-seo-wordpress\/ -->\n<title>#25.577 (25x25) - ARTLIZDESIGN<\/title>\n<meta name=\"description\" content=\"Struktur\u00e1lt 3D festm\u00e9ny 25x25 cm-es m\u00e9retben fekete-feh\u00e9r-b\u00e9zs-sz\u00fcrke sz\u00ednekkel. 4 festm\u00e9nyb\u0151l \u00e1ll\u00f3 sorozat, de egyenk\u00e9nt megv\u00e1s\u00e1rolhat\u00f3. K\u00e9zzel k\u00e9sz\u00fclt v\u00e1szonk\u00e9p szett.\" \/>\n<meta name=\"robots\" content=\"index, follow, max-snippet:-1, max-image-preview:large, max-video-preview:-1\" \/>\n<link rel=\"canonical\" href=\"https:\/\/artlizdesign.hu\/en\/product\/25-577-25x25\/\" \/>\n<meta property=\"og:locale\" content=\"en_GB\" \/>\n<meta property=\"og:type\" content=\"article\" \/>\n<meta property=\"og:title\" content=\"#25.577 (25x25) - ARTLIZDESIGN\" \/>\n<meta property=\"og:description\" content=\"Struktur\u00e1lt 3D festm\u00e9ny 25x25 cm-es m\u00e9retben fekete-feh\u00e9r-b\u00e9zs-sz\u00fcrke sz\u00ednekkel. 4 festm\u00e9nyb\u0151l \u00e1ll\u00f3 sorozat, de egyenk\u00e9nt megv\u00e1s\u00e1rolhat\u00f3. K\u00e9zzel k\u00e9sz\u00fclt v\u00e1szonk\u00e9p szett.\" \/>\n<meta property=\"og:url\" content=\"https:\/\/artlizdesign.hu\/en\/product\/25-577-25x25\/\" \/>\n<meta property=\"og:site_name\" content=\"ARTLIZDESIGN\" \/>\n<meta property=\"article:publisher\" content=\"https:\/\/www.facebook.com\/artlizdesign\" \/>\n<meta property=\"article:modified_time\" content=\"2026-01-08T08:53:58+00:00\" \/>\n<meta property=\"og:image\" content=\"https:\/\/artlizdesign.hu\/wp-content\/uploads\/2025\/11\/577abcd_25x25x4_ffszb_a-16-1-scaled.jpg\" \/>\n\t<meta property=\"og:image:width\" content=\"1837\" \/>\n\t<meta property=\"og:image:height\" content=\"2560\" \/>\n\t<meta property=\"og:image:type\" content=\"image\/jpeg\" \/>\n<meta name=\"twitter:card\" content=\"summary_large_image\" \/>\n<meta name=\"twitter:label1\" content=\"Estimated reading time\" \/>\n\t<meta name=\"twitter:data1\" content=\"1 minute\" \/>\n<script type=\"application\/ld+json\" class=\"yoast-schema-graph\">{\"@context\":\"https:\\\/\\\/schema.org\",\"@graph\":[{\"@type\":\"WebPage\",\"@id\":\"https:\\\/\\\/artlizdesign.hu\\\/termek\\\/25-577-25x25\\\/\",\"url\":\"https:\\\/\\\/artlizdesign.hu\\\/termek\\\/25-577-25x25\\\/\",\"name\":\"#25.577 (25x25) - ARTLIZDESIGN\",\"isPartOf\":{\"@id\":\"https:\\\/\\\/artlizdesign.hu\\\/#website\"},\"primaryImageOfPage\":{\"@id\":\"https:\\\/\\\/artlizdesign.hu\\\/termek\\\/25-577-25x25\\\/#primaryimage\"},\"image\":{\"@id\":\"https:\\\/\\\/artlizdesign.hu\\\/termek\\\/25-577-25x25\\\/#primaryimage\"},\"thumbnailUrl\":\"https:\\\/\\\/artlizdesign.hu\\\/wp-content\\\/uploads\\\/2025\\\/11\\\/577abcd_25x25x4_ffszb_a-16-1-scaled.jpg\",\"datePublished\":\"2025-11-11T14:14:17+00:00\",\"dateModified\":\"2026-01-08T08:53:58+00:00\",\"description\":\"Struktur\u00e1lt 3D festm\u00e9ny 25x25 cm-es m\u00e9retben fekete-feh\u00e9r-b\u00e9zs-sz\u00fcrke sz\u00ednekkel. 4 festm\u00e9nyb\u0151l \u00e1ll\u00f3 sorozat, de egyenk\u00e9nt megv\u00e1s\u00e1rolhat\u00f3. K\u00e9zzel k\u00e9sz\u00fclt v\u00e1szonk\u00e9p szett.\",\"breadcrumb\":{\"@id\":\"https:\\\/\\\/artlizdesign.hu\\\/termek\\\/25-577-25x25\\\/#breadcrumb\"},\"inLanguage\":\"en-GB\",\"potentialAction\":[{\"@type\":\"ReadAction\",\"target\":[\"https:\\\/\\\/artlizdesign.hu\\\/termek\\\/25-577-25x25\\\/\"]}]},{\"@type\":\"ImageObject\",\"inLanguage\":\"en-GB\",\"@id\":\"https:\\\/\\\/artlizdesign.hu\\\/termek\\\/25-577-25x25\\\/#primaryimage\",\"url\":\"https:\\\/\\\/artlizdesign.hu\\\/wp-content\\\/uploads\\\/2025\\\/11\\\/577abcd_25x25x4_ffszb_a-16-1-scaled.jpg\",\"contentUrl\":\"https:\\\/\\\/artlizdesign.hu\\\/wp-content\\\/uploads\\\/2025\\\/11\\\/577abcd_25x25x4_ffszb_a-16-1-scaled.jpg\",\"width\":1837,\"height\":2560},{\"@type\":\"BreadcrumbList\",\"@id\":\"https:\\\/\\\/artlizdesign.hu\\\/termek\\\/25-577-25x25\\\/#breadcrumb\",\"itemListElement\":[{\"@type\":\"ListItem\",\"position\":1,\"name\":\"Home\",\"item\":\"https:\\\/\\\/artlizdesign.hu\\\/\"},{\"@type\":\"ListItem\",\"position\":2,\"name\":\"Shop\",\"item\":\"https:\\\/\\\/artlizdesign.hu\\\/shop\\\/\"},{\"@type\":\"ListItem\",\"position\":3,\"name\":\"#25.577 (25&#215;25)\"}]},{\"@type\":\"WebSite\",\"@id\":\"https:\\\/\\\/artlizdesign.hu\\\/#website\",\"url\":\"https:\\\/\\\/artlizdesign.hu\\\/\",\"name\":\"ARTLIZDESIGN\",\"description\":\"Egyedi modern absztrakt v\u00e1szon festm\u00e9nyek\",\"publisher\":{\"@id\":\"https:\\\/\\\/artlizdesign.hu\\\/#organization\"},\"potentialAction\":[{\"@type\":\"SearchAction\",\"target\":{\"@type\":\"EntryPoint\",\"urlTemplate\":\"https:\\\/\\\/artlizdesign.hu\\\/?s={search_term_string}\"},\"query-input\":{\"@type\":\"PropertyValueSpecification\",\"valueRequired\":true,\"valueName\":\"search_term_string\"}}],\"inLanguage\":\"en-GB\"},{\"@type\":\"Organization\",\"@id\":\"https:\\\/\\\/artlizdesign.hu\\\/#organization\",\"name\":\"ArtLiz Design\",\"url\":\"https:\\\/\\\/artlizdesign.hu\\\/\",\"logo\":{\"@type\":\"ImageObject\",\"inLanguage\":\"en-GB\",\"@id\":\"https:\\\/\\\/artlizdesign.hu\\\/#\\\/schema\\\/logo\\\/image\\\/\",\"url\":\"https:\\\/\\\/artlizdesign.hu\\\/wp-content\\\/uploads\\\/2020\\\/01\\\/artlizlogo.png\",\"contentUrl\":\"https:\\\/\\\/artlizdesign.hu\\\/wp-content\\\/uploads\\\/2020\\\/01\\\/artlizlogo.png\",\"width\":500,\"height\":500,\"caption\":\"ArtLiz Design\"},\"image\":{\"@id\":\"https:\\\/\\\/artlizdesign.hu\\\/#\\\/schema\\\/logo\\\/image\\\/\"},\"sameAs\":[\"https:\\\/\\\/www.facebook.com\\\/artlizdesign\",\"https:\\\/\\\/www.instagram.com\\\/artlizdesign\\\/\"]}]}<\/script>\n<!-- \/ Yoast SEO plugin. -->","yoast_head_json":{"title":"#25.577 (25x25) - ARTLIZDESIGN","description":"Struktur\u00e1lt 3D festm\u00e9ny 25x25 cm-es m\u00e9retben fekete-feh\u00e9r-b\u00e9zs-sz\u00fcrke sz\u00ednekkel. 4 festm\u00e9nyb\u0151l \u00e1ll\u00f3 sorozat, de egyenk\u00e9nt megv\u00e1s\u00e1rolhat\u00f3. K\u00e9zzel k\u00e9sz\u00fclt v\u00e1szonk\u00e9p szett.","robots":{"index":"index","follow":"follow","max-snippet":"max-snippet:-1","max-image-preview":"max-image-preview:large","max-video-preview":"max-video-preview:-1"},"canonical":"https:\/\/artlizdesign.hu\/en\/product\/25-577-25x25\/","og_locale":"en_GB","og_type":"article","og_title":"#25.577 (25x25) - ARTLIZDESIGN","og_description":"Struktur\u00e1lt 3D festm\u00e9ny 25x25 cm-es m\u00e9retben fekete-feh\u00e9r-b\u00e9zs-sz\u00fcrke sz\u00ednekkel. 4 festm\u00e9nyb\u0151l \u00e1ll\u00f3 sorozat, de egyenk\u00e9nt megv\u00e1s\u00e1rolhat\u00f3. K\u00e9zzel k\u00e9sz\u00fclt v\u00e1szonk\u00e9p szett.","og_url":"https:\/\/artlizdesign.hu\/en\/product\/25-577-25x25\/","og_site_name":"ARTLIZDESIGN","article_publisher":"https:\/\/www.facebook.com\/artlizdesign","article_modified_time":"2026-01-08T08:53:58+00:00","og_image":[{"width":1837,"height":2560,"url":"https:\/\/artlizdesign.hu\/wp-content\/uploads\/2025\/11\/577abcd_25x25x4_ffszb_a-16-1-scaled.jpg","type":"image\/jpeg"}],"twitter_card":"summary_large_image","twitter_misc":{"Estimated reading time":"1 minute"},"schema":{"@context":"https:\/\/schema.org","@graph":[{"@type":"WebPage","@id":"https:\/\/artlizdesign.hu\/termek\/25-577-25x25\/","url":"https:\/\/artlizdesign.hu\/termek\/25-577-25x25\/","name":"#25.577 (25x25) - ARTLIZDESIGN","isPartOf":{"@id":"https:\/\/artlizdesign.hu\/#website"},"primaryImageOfPage":{"@id":"https:\/\/artlizdesign.hu\/termek\/25-577-25x25\/#primaryimage"},"image":{"@id":"https:\/\/artlizdesign.hu\/termek\/25-577-25x25\/#primaryimage"},"thumbnailUrl":"https:\/\/artlizdesign.hu\/wp-content\/uploads\/2025\/11\/577abcd_25x25x4_ffszb_a-16-1-scaled.jpg","datePublished":"2025-11-11T14:14:17+00:00","dateModified":"2026-01-08T08:53:58+00:00","description":"Struktur\u00e1lt 3D festm\u00e9ny 25x25 cm-es m\u00e9retben fekete-feh\u00e9r-b\u00e9zs-sz\u00fcrke sz\u00ednekkel. 4 festm\u00e9nyb\u0151l \u00e1ll\u00f3 sorozat, de egyenk\u00e9nt megv\u00e1s\u00e1rolhat\u00f3. K\u00e9zzel k\u00e9sz\u00fclt v\u00e1szonk\u00e9p szett.","breadcrumb":{"@id":"https:\/\/artlizdesign.hu\/termek\/25-577-25x25\/#breadcrumb"},"inLanguage":"en-GB","potentialAction":[{"@type":"ReadAction","target":["https:\/\/artlizdesign.hu\/termek\/25-577-25x25\/"]}]},{"@type":"ImageObject","inLanguage":"en-GB","@id":"https:\/\/artlizdesign.hu\/termek\/25-577-25x25\/#primaryimage","url":"https:\/\/artlizdesign.hu\/wp-content\/uploads\/2025\/11\/577abcd_25x25x4_ffszb_a-16-1-scaled.jpg","contentUrl":"https:\/\/artlizdesign.hu\/wp-content\/uploads\/2025\/11\/577abcd_25x25x4_ffszb_a-16-1-scaled.jpg","width":1837,"height":2560},{"@type":"BreadcrumbList","@id":"https:\/\/artlizdesign.hu\/termek\/25-577-25x25\/#breadcrumb","itemListElement":[{"@type":"ListItem","position":1,"name":"Home","item":"https:\/\/artlizdesign.hu\/"},{"@type":"ListItem","position":2,"name":"Shop","item":"https:\/\/artlizdesign.hu\/shop\/"},{"@type":"ListItem","position":3,"name":"#25.577 (25&#215;25)"}]},{"@type":"WebSite","@id":"https:\/\/artlizdesign.hu\/#website","url":"https:\/\/artlizdesign.hu\/","name":"ARTLIZDESIGN","description":"Egyedi modern absztrakt v\u00e1szon festm\u00e9nyek","publisher":{"@id":"https:\/\/artlizdesign.hu\/#organization"},"potentialAction":[{"@type":"SearchAction","target":{"@type":"EntryPoint","urlTemplate":"https:\/\/artlizdesign.hu\/?s={search_term_string}"},"query-input":{"@type":"PropertyValueSpecification","valueRequired":true,"valueName":"search_term_string"}}],"inLanguage":"en-GB"},{"@type":"Organization","@id":"https:\/\/artlizdesign.hu\/#organization","name":"ArtLiz Design","url":"https:\/\/artlizdesign.hu\/","logo":{"@type":"ImageObject","inLanguage":"en-GB","@id":"https:\/\/artlizdesign.hu\/#\/schema\/logo\/image\/","url":"https:\/\/artlizdesign.hu\/wp-content\/uploads\/2020\/01\/artlizlogo.png","contentUrl":"https:\/\/artlizdesign.hu\/wp-content\/uploads\/2020\/01\/artlizlogo.png","width":500,"height":500,"caption":"ArtLiz Design"},"image":{"@id":"https:\/\/artlizdesign.hu\/#\/schema\/logo\/image\/"},"sameAs":["https:\/\/www.facebook.com\/artlizdesign","https:\/\/www.instagram.com\/artlizdesign\/"]}]}},"_links":{"self":[{"href":"https:\/\/artlizdesign.hu\/en\/wp-json\/wp\/v2\/product\/10053","targetHints":{"allow":["GET"]}}],"collection":[{"href":"https:\/\/artlizdesign.hu\/en\/wp-json\/wp\/v2\/product"}],"about":[{"href":"https:\/\/artlizdesign.hu\/en\/wp-json\/wp\/v2\/types\/product"}],"version-history":[{"count":0,"href":"https:\/\/artlizdesign.hu\/en\/wp-json\/wp\/v2\/product\/10053\/revisions"}],"wp:featuredmedia":[{"embeddable":true,"href":"https:\/\/artlizdesign.hu\/en\/wp-json\/wp\/v2\/media\/10085"}],"wp:attachment":[{"href":"https:\/\/artlizdesign.hu\/en\/wp-json\/wp\/v2\/media?parent=10053"}],"wp:term":[{"taxonomy":"product_brand","embeddable":true,"href":"https:\/\/artlizdesign.hu\/en\/wp-json\/wp\/v2\/product_brand?post=10053"},{"taxonomy":"product_cat","embeddable":true,"href":"https:\/\/artlizdesign.hu\/en\/wp-json\/wp\/v2\/product_cat?post=10053"},{"taxonomy":"product_tag","embeddable":true,"href":"https:\/\/artlizdesign.hu\/en\/wp-json\/wp\/v2\/product_tag?post=10053"}],"curies":[{"name":"wp","href":"https:\/\/api.w.org\/{rel}","templated":true}]}}