{"id":3845,"date":"2023-02-11T14:53:40","date_gmt":"2023-02-11T14:53:40","guid":{"rendered":"https:\/\/artlizdesign.hu\/?post_type=product&#038;p=3845"},"modified":"2025-10-06T06:20:45","modified_gmt":"2025-10-06T06:20:45","slug":"23-412-100x140","status":"publish","type":"product","link":"https:\/\/artlizdesign.hu\/en\/termek\/23-412-100x140\/","title":{"rendered":"#23.412 (100&#215;140)"},"content":{"rendered":"","protected":false},"excerpt":{"rendered":"<p>A term\u00e9szet ihlette kateg\u00f3ria az alkot\u00e1sok sz\u00e9les k\u00f6r\u00e9t fogalja mag\u00e1ba. Megtal\u00e1lhat\u00f3 benne a vir\u00e1g, lev\u00e9l, inda \u00e9s n\u00f6v\u00e9ny mot\u00edvumokt\u00f3l kezdve a t\u00e1jk\u00e9peken, naplement\u00e9ken, felh\u0151s \u00e9gboltokon kereszt\u00fcl a v\u00e1rosi, v\u00edzparti ihlet\u00e9s\u0171 k\u00e9pekig minden egyar\u00e1nt. A m\u0171v\u00e9sz sz\u00e1m\u00e1ra a st\u00edlus eszk\u00f6zt\u00e1ra igen gazdag lehet\u0151s\u00e9geket k\u00edn\u00e1l a v\u00e1gyott alkot\u00e1s megjelen\u00e9s\u00e9re. Nem c\u00e9l az \u00e9leth\u0171, realisztikus \u00e1br\u00e1zol\u00e1s, olykor egy\u00e9szen meglep\u0151 mot\u00edvumok is helyet kapnak egy-egy alkot\u00e1sban. A k\u00e9pek megalkot\u00e1sa sor\u00e1n extra text\u00far\u00e1zotts\u00e1gra, szinte t\u00e9rbeli megform\u00e1l\u00e1sra is tal\u00e1lunk p\u00e9ld\u00e1t.<br \/>\nA kidolgozotts\u00e1g ter\u00e9n hangs\u00falyozottan igaz, hogy a kevesebb n\u00e9ha t\u00f6bb. A k\u00e9pzelet\u00fcnk eg\u00e9sz\u00edti ki az alkot\u00e1st, \u00edgy megesik, hogy m\u00edg valaki flaming\u00f3kat l\u00e1t a festm\u00e9nyen, addig m\u00e1snak \u00e9des, olvadoz\u00f3 gy\u00fcm\u00f6lcs\u00f6s fagyi gomb\u00f3cok, vagy napfelkeltekor vid\u00e1m sz\u00ednben pomp\u00e1z\u00f3 b\u00e1r\u00e1nyfelh\u0151k t\u0171nnek ki a k\u00e9pb\u0151l. Engedj\u00fck szabadon fant\u00e1zi\u00e1nkat!<\/p>\n<p>A modern-minim\u00e1l festm\u00e9nyek csoportj\u00e1ba sz\u00e1mos k\u00fcl\u00f6nb\u00f6z\u0151 technik\u00e1val k\u00e9sz\u00fclt festm\u00e9ny besorolhat\u00f3. M\u00edg egyes festm\u00e9nyekre a gazdag kidolgozotts\u00e1g \u00e9s l\u00e1tv\u00e1nyos text\u00far\u00e1lts\u00e1g a jellemz\u0151, addig m\u00e1s alkot\u00e1sokra pont az egyszer\u0171s\u00e9g \u00e9s a letisztult megjelen\u00e9s mondhat\u00f3 el. Minden esetben igaz azonban, hogy a k\u00e9pv\u00e1laszt\u00e1sn\u00e1l a sz\u00ednek harmoniz\u00e1l\u00e1s\u00e1ra \u00e9s a megfelel\u0151 m\u00e9ret megv\u00e1laszt\u00e1s\u00e1ra c\u00e9lszer\u0171 t\u00f6rekedni. A modern-minim\u00e1l festm\u00e9nyekre k\u00fcl\u00f6n\u00f6sen igaz, hogy a t\u00f6k\u00e9letes megjelen\u00e9s a j\u00f3l eltal\u00e1lt poz\u00edci\u00f3, m\u00e9ret \u00e9s sz\u00edn h\u00e1rmas szempontrendszer egyid\u0151ben val\u00f3 teljes\u00fcl\u00e9se eset\u00e9n garant\u00e1lt. Ezek az alkot\u00e1sok kifejezetten j\u00f3l mutatnak nagy terekben vagy nagy falszakaszokon, legyen az \u00e9tkez\u0151-konyha-nappali vagy ak\u00e1r k\u00f6zleked\u0151. Legy\u00fcnk b\u00e1trak, v\u00e1lasszunk nagy festm\u00e9nyeket!<br \/>\nSt\u00edlusjegyek k\u00f6z\u00f6tt megtal\u00e1lhat\u00f3k az elnagyolt hagyom\u00e1nyos ecset-\u00e9s fest\u0151k\u00e9svon\u00e1sok mellett a k\u00fcl\u00f6nb\u00f6z\u0151 eszk\u00f6z\u00f6kkel felvitt, fr\u00f6csk\u00f6lt, elfolyatott, megkapart, koptatott, d\u00f6rzs\u00f6lt, spriccelt, m\u00e1rtott, karcolt \u00e9s rajzolt technik\u00e1k egyar\u00e1nt. Az absztrakt fest\u00e9szetben mindent szabad a t\u00f6k\u00e9letes v\u00e9geredm\u00e9ny \u00e9rdek\u00e9ben, \u00edgy minden a m\u0171v\u00e9sz sz\u00e9p\u00e9rz\u00e9k\u00e9n m\u00falik.<\/p>","protected":false},"featured_media":3847,"template":"","meta":[],"product_brand":[],"product_cat":[50,48],"product_tag":[54,53,55,52,56,51,178],"class_list":{"0":"post-3845","1":"product","2":"type-product","3":"status-publish","4":"has-post-thumbnail","6":"product_cat-floral","7":"product_cat-modern","8":"product_tag-abstrack","9":"product_tag-absztrakt","10":"product_tag-artliz-design","11":"product_tag-festmeny","12":"product_tag-interior-design","13":"product_tag-modern-minimal","14":"product_tag-xl","16":"entry","17":"has-media","19":"first","20":"outofstock","21":"sold-individually","22":"shipping-taxable","23":"purchasable","24":"product-type-simple","25":"has-product-nav","26":"col","27":"span_1_of_3","28":"owp-content-center","29":"owp-thumbs-layout-horizontal","30":"owp-btn-normal","31":"owp-tabs-layout-horizontal"},"yoast_head":"<!-- This site is optimized with the Yoast SEO plugin v27.4 - https:\/\/yoast.com\/product\/yoast-seo-wordpress\/ -->\n<title>#23.412 (100x140) - ARTLIZDESIGN<\/title>\n<meta name=\"robots\" content=\"index, follow, max-snippet:-1, max-image-preview:large, max-video-preview:-1\" \/>\n<link rel=\"canonical\" href=\"https:\/\/artlizdesign.hu\/en\/product\/23-412-100x140\/\" \/>\n<meta property=\"og:locale\" content=\"en_GB\" \/>\n<meta property=\"og:type\" content=\"article\" \/>\n<meta property=\"og:title\" content=\"#23.412 (100x140) - ARTLIZDESIGN\" \/>\n<meta property=\"og:description\" content=\"A term\u00e9szet ihlette kateg\u00f3ria az alkot\u00e1sok sz\u00e9les k\u00f6r\u00e9t fogalja mag\u00e1ba. Megtal\u00e1lhat\u00f3 benne a vir\u00e1g, lev\u00e9l, inda \u00e9s n\u00f6v\u00e9ny mot\u00edvumokt\u00f3l kezdve a t\u00e1jk\u00e9peken, naplement\u00e9ken, felh\u0151s \u00e9gboltokon kereszt\u00fcl a v\u00e1rosi, v\u00edzparti ihlet\u00e9s\u0171 k\u00e9pekig minden egyar\u00e1nt. A m\u0171v\u00e9sz sz\u00e1m\u00e1ra a st\u00edlus eszk\u00f6zt\u00e1ra igen gazdag lehet\u0151s\u00e9geket k\u00edn\u00e1l a v\u00e1gyott alkot\u00e1s megjelen\u00e9s\u00e9re. Nem c\u00e9l az \u00e9leth\u0171, realisztikus \u00e1br\u00e1zol\u00e1s, olykor egy\u00e9szen meglep\u0151 mot\u00edvumok is helyet kapnak egy-egy alkot\u00e1sban. A k\u00e9pek megalkot\u00e1sa sor\u00e1n extra text\u00far\u00e1zotts\u00e1gra, szinte t\u00e9rbeli megform\u00e1l\u00e1sra is tal\u00e1lunk p\u00e9ld\u00e1t. A kidolgozotts\u00e1g ter\u00e9n hangs\u00falyozottan igaz, hogy a kevesebb n\u00e9ha t\u00f6bb. A k\u00e9pzelet\u00fcnk eg\u00e9sz\u00edti ki az alkot\u00e1st, \u00edgy megesik, hogy m\u00edg valaki flaming\u00f3kat l\u00e1t a festm\u00e9nyen, addig m\u00e1snak \u00e9des, olvadoz\u00f3 gy\u00fcm\u00f6lcs\u00f6s fagyi gomb\u00f3cok, vagy napfelkeltekor vid\u00e1m sz\u00ednben pomp\u00e1z\u00f3 b\u00e1r\u00e1nyfelh\u0151k t\u0171nnek ki a k\u00e9pb\u0151l. Engedj\u00fck szabadon fant\u00e1zi\u00e1nkat!  A modern-minim\u00e1l festm\u00e9nyek csoportj\u00e1ba sz\u00e1mos k\u00fcl\u00f6nb\u00f6z\u0151 technik\u00e1val k\u00e9sz\u00fclt festm\u00e9ny besorolhat\u00f3. M\u00edg egyes festm\u00e9nyekre a gazdag kidolgozotts\u00e1g \u00e9s l\u00e1tv\u00e1nyos text\u00far\u00e1lts\u00e1g a jellemz\u0151, addig m\u00e1s alkot\u00e1sokra pont az egyszer\u0171s\u00e9g \u00e9s a letisztult megjelen\u00e9s mondhat\u00f3 el. Minden esetben igaz azonban, hogy a k\u00e9pv\u00e1laszt\u00e1sn\u00e1l a sz\u00ednek harmoniz\u00e1l\u00e1s\u00e1ra \u00e9s a megfelel\u0151 m\u00e9ret megv\u00e1laszt\u00e1s\u00e1ra c\u00e9lszer\u0171 t\u00f6rekedni. A modern-minim\u00e1l festm\u00e9nyekre k\u00fcl\u00f6n\u00f6sen igaz, hogy a t\u00f6k\u00e9letes megjelen\u00e9s a j\u00f3l eltal\u00e1lt poz\u00edci\u00f3, m\u00e9ret \u00e9s sz\u00edn h\u00e1rmas szempontrendszer egyid\u0151ben val\u00f3 teljes\u00fcl\u00e9se eset\u00e9n garant\u00e1lt. Ezek az alkot\u00e1sok kifejezetten j\u00f3l mutatnak nagy terekben vagy nagy falszakaszokon, legyen az \u00e9tkez\u0151-konyha-nappali vagy ak\u00e1r k\u00f6zleked\u0151. Legy\u00fcnk b\u00e1trak, v\u00e1lasszunk nagy festm\u00e9nyeket! St\u00edlusjegyek k\u00f6z\u00f6tt megtal\u00e1lhat\u00f3k az elnagyolt hagyom\u00e1nyos ecset-\u00e9s fest\u0151k\u00e9svon\u00e1sok mellett a k\u00fcl\u00f6nb\u00f6z\u0151 eszk\u00f6z\u00f6kkel felvitt, fr\u00f6csk\u00f6lt, elfolyatott, megkapart, koptatott, d\u00f6rzs\u00f6lt, spriccelt, m\u00e1rtott, karcolt \u00e9s rajzolt technik\u00e1k egyar\u00e1nt. Az absztrakt fest\u00e9szetben mindent szabad a t\u00f6k\u00e9letes v\u00e9geredm\u00e9ny \u00e9rdek\u00e9ben, \u00edgy minden a m\u0171v\u00e9sz sz\u00e9p\u00e9rz\u00e9k\u00e9n m\u00falik.\" \/>\n<meta property=\"og:url\" content=\"https:\/\/artlizdesign.hu\/en\/product\/23-412-100x140\/\" \/>\n<meta property=\"og:site_name\" content=\"ARTLIZDESIGN\" \/>\n<meta property=\"article:publisher\" content=\"https:\/\/www.facebook.com\/artlizdesign\" \/>\n<meta property=\"article:modified_time\" content=\"2025-10-06T06:20:45+00:00\" \/>\n<meta property=\"og:image\" content=\"https:\/\/artlizdesign.hu\/wp-content\/uploads\/2023\/02\/412_202301_100x140x2_194_kffszeb_a-01-scaled.jpg\" \/>\n\t<meta property=\"og:image:width\" content=\"2560\" \/>\n\t<meta property=\"og:image:height\" content=\"2560\" \/>\n\t<meta property=\"og:image:type\" content=\"image\/jpeg\" \/>\n<meta name=\"twitter:card\" content=\"summary_large_image\" \/>\n<meta name=\"twitter:label1\" content=\"Estimated reading time\" \/>\n\t<meta name=\"twitter:data1\" content=\"1 minute\" \/>\n<script type=\"application\/ld+json\" class=\"yoast-schema-graph\">{\"@context\":\"https:\\\/\\\/schema.org\",\"@graph\":[{\"@type\":\"WebPage\",\"@id\":\"https:\\\/\\\/artlizdesign.hu\\\/termek\\\/23-412-100x140\\\/\",\"url\":\"https:\\\/\\\/artlizdesign.hu\\\/termek\\\/23-412-100x140\\\/\",\"name\":\"#23.412 (100x140) - ARTLIZDESIGN\",\"isPartOf\":{\"@id\":\"https:\\\/\\\/artlizdesign.hu\\\/#website\"},\"primaryImageOfPage\":{\"@id\":\"https:\\\/\\\/artlizdesign.hu\\\/termek\\\/23-412-100x140\\\/#primaryimage\"},\"image\":{\"@id\":\"https:\\\/\\\/artlizdesign.hu\\\/termek\\\/23-412-100x140\\\/#primaryimage\"},\"thumbnailUrl\":\"https:\\\/\\\/artlizdesign.hu\\\/wp-content\\\/uploads\\\/2023\\\/02\\\/412_202301_100x140x2_194_kffszeb_a-01-scaled.jpg\",\"datePublished\":\"2023-02-11T14:53:40+00:00\",\"dateModified\":\"2025-10-06T06:20:45+00:00\",\"breadcrumb\":{\"@id\":\"https:\\\/\\\/artlizdesign.hu\\\/termek\\\/23-412-100x140\\\/#breadcrumb\"},\"inLanguage\":\"en-GB\",\"potentialAction\":[{\"@type\":\"ReadAction\",\"target\":[\"https:\\\/\\\/artlizdesign.hu\\\/termek\\\/23-412-100x140\\\/\"]}]},{\"@type\":\"ImageObject\",\"inLanguage\":\"en-GB\",\"@id\":\"https:\\\/\\\/artlizdesign.hu\\\/termek\\\/23-412-100x140\\\/#primaryimage\",\"url\":\"https:\\\/\\\/artlizdesign.hu\\\/wp-content\\\/uploads\\\/2023\\\/02\\\/412_202301_100x140x2_194_kffszeb_a-01-scaled.jpg\",\"contentUrl\":\"https:\\\/\\\/artlizdesign.hu\\\/wp-content\\\/uploads\\\/2023\\\/02\\\/412_202301_100x140x2_194_kffszeb_a-01-scaled.jpg\",\"width\":2560,\"height\":2560},{\"@type\":\"BreadcrumbList\",\"@id\":\"https:\\\/\\\/artlizdesign.hu\\\/termek\\\/23-412-100x140\\\/#breadcrumb\",\"itemListElement\":[{\"@type\":\"ListItem\",\"position\":1,\"name\":\"Home\",\"item\":\"https:\\\/\\\/artlizdesign.hu\\\/\"},{\"@type\":\"ListItem\",\"position\":2,\"name\":\"Shop\",\"item\":\"https:\\\/\\\/artlizdesign.hu\\\/shop\\\/\"},{\"@type\":\"ListItem\",\"position\":3,\"name\":\"#23.412 (100&#215;140)\"}]},{\"@type\":\"WebSite\",\"@id\":\"https:\\\/\\\/artlizdesign.hu\\\/#website\",\"url\":\"https:\\\/\\\/artlizdesign.hu\\\/\",\"name\":\"ARTLIZDESIGN\",\"description\":\"Egyedi modern absztrakt v\u00e1szon festm\u00e9nyek\",\"publisher\":{\"@id\":\"https:\\\/\\\/artlizdesign.hu\\\/#organization\"},\"potentialAction\":[{\"@type\":\"SearchAction\",\"target\":{\"@type\":\"EntryPoint\",\"urlTemplate\":\"https:\\\/\\\/artlizdesign.hu\\\/?s={search_term_string}\"},\"query-input\":{\"@type\":\"PropertyValueSpecification\",\"valueRequired\":true,\"valueName\":\"search_term_string\"}}],\"inLanguage\":\"en-GB\"},{\"@type\":\"Organization\",\"@id\":\"https:\\\/\\\/artlizdesign.hu\\\/#organization\",\"name\":\"ArtLiz Design\",\"url\":\"https:\\\/\\\/artlizdesign.hu\\\/\",\"logo\":{\"@type\":\"ImageObject\",\"inLanguage\":\"en-GB\",\"@id\":\"https:\\\/\\\/artlizdesign.hu\\\/#\\\/schema\\\/logo\\\/image\\\/\",\"url\":\"https:\\\/\\\/artlizdesign.hu\\\/wp-content\\\/uploads\\\/2020\\\/01\\\/artlizlogo.png\",\"contentUrl\":\"https:\\\/\\\/artlizdesign.hu\\\/wp-content\\\/uploads\\\/2020\\\/01\\\/artlizlogo.png\",\"width\":500,\"height\":500,\"caption\":\"ArtLiz Design\"},\"image\":{\"@id\":\"https:\\\/\\\/artlizdesign.hu\\\/#\\\/schema\\\/logo\\\/image\\\/\"},\"sameAs\":[\"https:\\\/\\\/www.facebook.com\\\/artlizdesign\",\"https:\\\/\\\/www.instagram.com\\\/artlizdesign\\\/\"]}]}<\/script>\n<!-- \/ Yoast SEO plugin. -->","yoast_head_json":{"title":"#23.412 (100x140) - ARTLIZDESIGN","robots":{"index":"index","follow":"follow","max-snippet":"max-snippet:-1","max-image-preview":"max-image-preview:large","max-video-preview":"max-video-preview:-1"},"canonical":"https:\/\/artlizdesign.hu\/en\/product\/23-412-100x140\/","og_locale":"en_GB","og_type":"article","og_title":"#23.412 (100x140) - ARTLIZDESIGN","og_description":"A term\u00e9szet ihlette kateg\u00f3ria az alkot\u00e1sok sz\u00e9les k\u00f6r\u00e9t fogalja mag\u00e1ba. Megtal\u00e1lhat\u00f3 benne a vir\u00e1g, lev\u00e9l, inda \u00e9s n\u00f6v\u00e9ny mot\u00edvumokt\u00f3l kezdve a t\u00e1jk\u00e9peken, naplement\u00e9ken, felh\u0151s \u00e9gboltokon kereszt\u00fcl a v\u00e1rosi, v\u00edzparti ihlet\u00e9s\u0171 k\u00e9pekig minden egyar\u00e1nt. A m\u0171v\u00e9sz sz\u00e1m\u00e1ra a st\u00edlus eszk\u00f6zt\u00e1ra igen gazdag lehet\u0151s\u00e9geket k\u00edn\u00e1l a v\u00e1gyott alkot\u00e1s megjelen\u00e9s\u00e9re. Nem c\u00e9l az \u00e9leth\u0171, realisztikus \u00e1br\u00e1zol\u00e1s, olykor egy\u00e9szen meglep\u0151 mot\u00edvumok is helyet kapnak egy-egy alkot\u00e1sban. A k\u00e9pek megalkot\u00e1sa sor\u00e1n extra text\u00far\u00e1zotts\u00e1gra, szinte t\u00e9rbeli megform\u00e1l\u00e1sra is tal\u00e1lunk p\u00e9ld\u00e1t. A kidolgozotts\u00e1g ter\u00e9n hangs\u00falyozottan igaz, hogy a kevesebb n\u00e9ha t\u00f6bb. A k\u00e9pzelet\u00fcnk eg\u00e9sz\u00edti ki az alkot\u00e1st, \u00edgy megesik, hogy m\u00edg valaki flaming\u00f3kat l\u00e1t a festm\u00e9nyen, addig m\u00e1snak \u00e9des, olvadoz\u00f3 gy\u00fcm\u00f6lcs\u00f6s fagyi gomb\u00f3cok, vagy napfelkeltekor vid\u00e1m sz\u00ednben pomp\u00e1z\u00f3 b\u00e1r\u00e1nyfelh\u0151k t\u0171nnek ki a k\u00e9pb\u0151l. Engedj\u00fck szabadon fant\u00e1zi\u00e1nkat!  A modern-minim\u00e1l festm\u00e9nyek csoportj\u00e1ba sz\u00e1mos k\u00fcl\u00f6nb\u00f6z\u0151 technik\u00e1val k\u00e9sz\u00fclt festm\u00e9ny besorolhat\u00f3. M\u00edg egyes festm\u00e9nyekre a gazdag kidolgozotts\u00e1g \u00e9s l\u00e1tv\u00e1nyos text\u00far\u00e1lts\u00e1g a jellemz\u0151, addig m\u00e1s alkot\u00e1sokra pont az egyszer\u0171s\u00e9g \u00e9s a letisztult megjelen\u00e9s mondhat\u00f3 el. Minden esetben igaz azonban, hogy a k\u00e9pv\u00e1laszt\u00e1sn\u00e1l a sz\u00ednek harmoniz\u00e1l\u00e1s\u00e1ra \u00e9s a megfelel\u0151 m\u00e9ret megv\u00e1laszt\u00e1s\u00e1ra c\u00e9lszer\u0171 t\u00f6rekedni. A modern-minim\u00e1l festm\u00e9nyekre k\u00fcl\u00f6n\u00f6sen igaz, hogy a t\u00f6k\u00e9letes megjelen\u00e9s a j\u00f3l eltal\u00e1lt poz\u00edci\u00f3, m\u00e9ret \u00e9s sz\u00edn h\u00e1rmas szempontrendszer egyid\u0151ben val\u00f3 teljes\u00fcl\u00e9se eset\u00e9n garant\u00e1lt. Ezek az alkot\u00e1sok kifejezetten j\u00f3l mutatnak nagy terekben vagy nagy falszakaszokon, legyen az \u00e9tkez\u0151-konyha-nappali vagy ak\u00e1r k\u00f6zleked\u0151. Legy\u00fcnk b\u00e1trak, v\u00e1lasszunk nagy festm\u00e9nyeket! St\u00edlusjegyek k\u00f6z\u00f6tt megtal\u00e1lhat\u00f3k az elnagyolt hagyom\u00e1nyos ecset-\u00e9s fest\u0151k\u00e9svon\u00e1sok mellett a k\u00fcl\u00f6nb\u00f6z\u0151 eszk\u00f6z\u00f6kkel felvitt, fr\u00f6csk\u00f6lt, elfolyatott, megkapart, koptatott, d\u00f6rzs\u00f6lt, spriccelt, m\u00e1rtott, karcolt \u00e9s rajzolt technik\u00e1k egyar\u00e1nt. Az absztrakt fest\u00e9szetben mindent szabad a t\u00f6k\u00e9letes v\u00e9geredm\u00e9ny \u00e9rdek\u00e9ben, \u00edgy minden a m\u0171v\u00e9sz sz\u00e9p\u00e9rz\u00e9k\u00e9n m\u00falik.","og_url":"https:\/\/artlizdesign.hu\/en\/product\/23-412-100x140\/","og_site_name":"ARTLIZDESIGN","article_publisher":"https:\/\/www.facebook.com\/artlizdesign","article_modified_time":"2025-10-06T06:20:45+00:00","og_image":[{"width":2560,"height":2560,"url":"https:\/\/artlizdesign.hu\/wp-content\/uploads\/2023\/02\/412_202301_100x140x2_194_kffszeb_a-01-scaled.jpg","type":"image\/jpeg"}],"twitter_card":"summary_large_image","twitter_misc":{"Estimated reading time":"1 minute"},"schema":{"@context":"https:\/\/schema.org","@graph":[{"@type":"WebPage","@id":"https:\/\/artlizdesign.hu\/termek\/23-412-100x140\/","url":"https:\/\/artlizdesign.hu\/termek\/23-412-100x140\/","name":"#23.412 (100x140) - ARTLIZDESIGN","isPartOf":{"@id":"https:\/\/artlizdesign.hu\/#website"},"primaryImageOfPage":{"@id":"https:\/\/artlizdesign.hu\/termek\/23-412-100x140\/#primaryimage"},"image":{"@id":"https:\/\/artlizdesign.hu\/termek\/23-412-100x140\/#primaryimage"},"thumbnailUrl":"https:\/\/artlizdesign.hu\/wp-content\/uploads\/2023\/02\/412_202301_100x140x2_194_kffszeb_a-01-scaled.jpg","datePublished":"2023-02-11T14:53:40+00:00","dateModified":"2025-10-06T06:20:45+00:00","breadcrumb":{"@id":"https:\/\/artlizdesign.hu\/termek\/23-412-100x140\/#breadcrumb"},"inLanguage":"en-GB","potentialAction":[{"@type":"ReadAction","target":["https:\/\/artlizdesign.hu\/termek\/23-412-100x140\/"]}]},{"@type":"ImageObject","inLanguage":"en-GB","@id":"https:\/\/artlizdesign.hu\/termek\/23-412-100x140\/#primaryimage","url":"https:\/\/artlizdesign.hu\/wp-content\/uploads\/2023\/02\/412_202301_100x140x2_194_kffszeb_a-01-scaled.jpg","contentUrl":"https:\/\/artlizdesign.hu\/wp-content\/uploads\/2023\/02\/412_202301_100x140x2_194_kffszeb_a-01-scaled.jpg","width":2560,"height":2560},{"@type":"BreadcrumbList","@id":"https:\/\/artlizdesign.hu\/termek\/23-412-100x140\/#breadcrumb","itemListElement":[{"@type":"ListItem","position":1,"name":"Home","item":"https:\/\/artlizdesign.hu\/"},{"@type":"ListItem","position":2,"name":"Shop","item":"https:\/\/artlizdesign.hu\/shop\/"},{"@type":"ListItem","position":3,"name":"#23.412 (100&#215;140)"}]},{"@type":"WebSite","@id":"https:\/\/artlizdesign.hu\/#website","url":"https:\/\/artlizdesign.hu\/","name":"ARTLIZDESIGN","description":"Egyedi modern absztrakt v\u00e1szon festm\u00e9nyek","publisher":{"@id":"https:\/\/artlizdesign.hu\/#organization"},"potentialAction":[{"@type":"SearchAction","target":{"@type":"EntryPoint","urlTemplate":"https:\/\/artlizdesign.hu\/?s={search_term_string}"},"query-input":{"@type":"PropertyValueSpecification","valueRequired":true,"valueName":"search_term_string"}}],"inLanguage":"en-GB"},{"@type":"Organization","@id":"https:\/\/artlizdesign.hu\/#organization","name":"ArtLiz Design","url":"https:\/\/artlizdesign.hu\/","logo":{"@type":"ImageObject","inLanguage":"en-GB","@id":"https:\/\/artlizdesign.hu\/#\/schema\/logo\/image\/","url":"https:\/\/artlizdesign.hu\/wp-content\/uploads\/2020\/01\/artlizlogo.png","contentUrl":"https:\/\/artlizdesign.hu\/wp-content\/uploads\/2020\/01\/artlizlogo.png","width":500,"height":500,"caption":"ArtLiz Design"},"image":{"@id":"https:\/\/artlizdesign.hu\/#\/schema\/logo\/image\/"},"sameAs":["https:\/\/www.facebook.com\/artlizdesign","https:\/\/www.instagram.com\/artlizdesign\/"]}]}},"_links":{"self":[{"href":"https:\/\/artlizdesign.hu\/en\/wp-json\/wp\/v2\/product\/3845","targetHints":{"allow":["GET"]}}],"collection":[{"href":"https:\/\/artlizdesign.hu\/en\/wp-json\/wp\/v2\/product"}],"about":[{"href":"https:\/\/artlizdesign.hu\/en\/wp-json\/wp\/v2\/types\/product"}],"version-history":[{"count":0,"href":"https:\/\/artlizdesign.hu\/en\/wp-json\/wp\/v2\/product\/3845\/revisions"}],"wp:featuredmedia":[{"embeddable":true,"href":"https:\/\/artlizdesign.hu\/en\/wp-json\/wp\/v2\/media\/3847"}],"wp:attachment":[{"href":"https:\/\/artlizdesign.hu\/en\/wp-json\/wp\/v2\/media?parent=3845"}],"wp:term":[{"taxonomy":"product_brand","embeddable":true,"href":"https:\/\/artlizdesign.hu\/en\/wp-json\/wp\/v2\/product_brand?post=3845"},{"taxonomy":"product_cat","embeddable":true,"href":"https:\/\/artlizdesign.hu\/en\/wp-json\/wp\/v2\/product_cat?post=3845"},{"taxonomy":"product_tag","embeddable":true,"href":"https:\/\/artlizdesign.hu\/en\/wp-json\/wp\/v2\/product_tag?post=3845"}],"curies":[{"name":"wp","href":"https:\/\/api.w.org\/{rel}","templated":true}]}}